{"id":48,"date":"2015-04-20T08:19:10","date_gmt":"2015-04-20T07:19:10","guid":{"rendered":"http:\/\/www.museum-selinger.net\/selinger\/?page_id=48"},"modified":"2015-04-20T08:19:10","modified_gmt":"2015-04-20T07:19:10","slug":"remerciements-et-credits","status":"publish","type":"page","link":"https:\/\/www.museum-selinger.net\/selinger\/remerciements-et-credits\/","title":{"rendered":"Remerciements et cr\u00e9dits"},"content":{"rendered":"<p>R\u00e9alis\u00e9 avec le soutien de<\/p>\n<ul>\n<li>La Fondation pour la M\u00e9moire de la Shoah<\/li>\n<li>L&rsquo;AMISSAT, Association des Amis de Shelomo Selinger<\/li>\n<li>L&rsquo;Association MEJUF (M\u00e9moire du Juda\u00efsme en France)<\/li>\n<\/ul>\n<hr \/>\n<p>R\u00e9alisation\u00a0:<\/p>\n<ul>\n<li>sur un sc\u00e9nario de Alain Braun &amp; B\u00e9atrice H\u00e9rold-Ascoli<\/li>\n<li>conception du site\u00a0: Bruno Magnone<\/li>\n<li>Graphismes\u00a0: Frank Hersher<\/li>\n<li>Photographies\u00a0: Ruthy Selinger<\/li>\n<li>Images et sons\u00a0: Alain Braun<\/li>\n<\/ul>\n","protected":false},"excerpt":{"rendered":"<p>R\u00e9alis\u00e9 avec le soutien de La Fondation pour la M\u00e9moire de la Shoah L&rsquo;AMISSAT, Association des Amis de Shelomo Selinger L&rsquo;Association MEJUF (M\u00e9moire du Juda\u00efsme en France) R\u00e9alisation\u00a0: sur un sc\u00e9nario de Alain Braun &amp; B\u00e9atrice H\u00e9rold-Ascoli conception du site\u00a0: Bruno Magnone Graphismes\u00a0: Frank Hersher Photographies\u00a0: Ruthy Selinger Images et sons\u00a0: Alain Braun<\/p>\n","protected":false},"author":1,"featured_media":0,"parent":0,"menu_order":0,"comment_status":"closed","ping_status":"closed","template":"","meta":{"footnotes":""},"_links":{"self":[{"href":"https:\/\/www.museum-selinger.net\/selinger\/wp-json\/wp\/v2\/pages\/48"}],"collection":[{"href":"https:\/\/www.museum-selinger.net\/selinger\/wp-json\/wp\/v2\/pages"}],"about":[{"href":"https:\/\/www.museum-selinger.net\/selinger\/wp-json\/wp\/v2\/types\/page"}],"author":[{"embeddable":true,"href":"https:\/\/www.museum-selinger.net\/selinger\/wp-json\/wp\/v2\/users\/1"}],"replies":[{"embeddable":true,"href":"https:\/\/www.museum-selinger.net\/selinger\/wp-json\/wp\/v2\/comments?post=48"}],"version-history":[{"count":1,"href":"https:\/\/www.museum-selinger.net\/selinger\/wp-json\/wp\/v2\/pages\/48\/revisions"}],"predecessor-version":[{"id":49,"href":"https:\/\/www.museum-selinger.net\/selinger\/wp-json\/wp\/v2\/pages\/48\/revisions\/49"}],"wp:attachment":[{"href":"https:\/\/www.museum-selinger.net\/selinger\/wp-json\/wp\/v2\/media?parent=48"}],"curies":[{"name":"wp","href":"https:\/\/api.w.org\/{rel}","templated":true}]}}