{"id":45,"date":"2015-04-20T08:17:59","date_gmt":"2015-04-20T07:17:59","guid":{"rendered":"http:\/\/www.museum-selinger.net\/selinger\/?page_id=45"},"modified":"2015-05-06T03:51:03","modified_gmt":"2015-05-06T02:51:03","slug":"commander-le-dvd","status":"publish","type":"page","link":"https:\/\/www.museum-selinger.net\/selinger\/commander-le-dvd\/","title":{"rendered":"Commander le DVD"},"content":{"rendered":"<p>Pour commander le DVD, veuillez t\u00e9l\u00e9charger le fichier pdf ci-dessous,<br \/>\nl&rsquo;imprimer et le renvoyer \u00e0 l&rsquo;adresse suivante :<\/p>\n<p>MEJUF<br \/>\n70 rue Jean-Pierre Timbaud<br \/>\n75011 PARIS<\/p>\n<p>accompagn\u00e9 d&rsquo;un r\u00e9glement de 18 \u20ac + 2 \u20ac (frais d&rsquo;envoi)<\/p>\n<p><a href=\"https:\/\/www.museum-selinger.net\/selinger\/wp-content\/uploads\/bon_de_commande_selinger.pdf\" target=\"_blank\">Bon de Commande Shelomo Selinger<\/a><\/p>\n","protected":false},"excerpt":{"rendered":"<p>Pour commander le DVD, veuillez t\u00e9l\u00e9charger le fichier pdf ci-dessous, l&rsquo;imprimer et le renvoyer \u00e0 l&rsquo;adresse suivante : MEJUF 70 rue Jean-Pierre Timbaud 75011 PARIS accompagn\u00e9 d&rsquo;un r\u00e9glement de 18 \u20ac + 2 \u20ac (frais d&rsquo;envoi) Bon de Commande Shelomo Selinger<\/p>\n","protected":false},"author":1,"featured_media":0,"parent":0,"menu_order":0,"comment_status":"closed","ping_status":"closed","template":"","meta":{"footnotes":""},"_links":{"self":[{"href":"https:\/\/www.museum-selinger.net\/selinger\/wp-json\/wp\/v2\/pages\/45"}],"collection":[{"href":"https:\/\/www.museum-selinger.net\/selinger\/wp-json\/wp\/v2\/pages"}],"about":[{"href":"https:\/\/www.museum-selinger.net\/selinger\/wp-json\/wp\/v2\/types\/page"}],"author":[{"embeddable":true,"href":"https:\/\/www.museum-selinger.net\/selinger\/wp-json\/wp\/v2\/users\/1"}],"replies":[{"embeddable":true,"href":"https:\/\/www.museum-selinger.net\/selinger\/wp-json\/wp\/v2\/comments?post=45"}],"version-history":[{"count":4,"href":"https:\/\/www.museum-selinger.net\/selinger\/wp-json\/wp\/v2\/pages\/45\/revisions"}],"predecessor-version":[{"id":380,"href":"https:\/\/www.museum-selinger.net\/selinger\/wp-json\/wp\/v2\/pages\/45\/revisions\/380"}],"wp:attachment":[{"href":"https:\/\/www.museum-selinger.net\/selinger\/wp-json\/wp\/v2\/media?parent=45"}],"curies":[{"name":"wp","href":"https:\/\/api.w.org\/{rel}","templated":true}]}}